{"id":1060,"date":"2024-09-17T12:44:44","date_gmt":"2024-09-17T15:44:44","guid":{"rendered":"https:\/\/aph.org.br\/congresso-2024\/?post_type=product&#038;p=1060"},"modified":"2024-11-12T22:07:20","modified_gmt":"2024-11-13T01:07:20","slug":"inscricao-para-o-congresso-aph-2024-promocao-para-associados-da-abcdh","status":"publish","type":"product","link":"https:\/\/aph.org.br\/congresso-2024\/inscricao\/inscricao-para-o-congresso-aph-2024-promocao-para-associados-da-abcdh\/","title":{"rendered":"Inscri\u00e7\u00e3o para o Congresso APH 2024 &#8211; Promo\u00e7\u00e3o para Associados da ABCDH"},"content":{"rendered":"<h4><strong>Ticket de acesso ao Congresso APH 2024 para Associados da ABCDH.<\/strong><\/h4>\n<p><strong>Data<\/strong>:\u00a0 \u00a015 e 16 de novembro de 2024<\/p>\n<p><strong>Pre\u00e7os<\/strong>:<\/p>\n<p>&nbsp;<\/p>\n<table class=\" alignleft\" style=\"height: 262px; width: 90.6234%;\" width=\"869\">\n<tbody>\n<tr style=\"height: 48px; background-color: #6c9bba;\">\n<td style=\"width: 18.6206%; height: 48px; text-align: center;\"><span style=\"color: #ffffff;\"><strong>PER\u00cdODO<\/strong><\/span><\/td>\n<td style=\"width: 27.8684%; height: 48px; text-align: center;\"><span style=\"color: #ffffff;\"><strong>S\u00d3CIOS APH, AMHB, AMVHB, ABCDH<br \/>\nE P\u00d3S-GRADUANDO<\/strong><\/span><\/td>\n<td style=\"width: 27.9114%; height: 48px; text-align: center;\"><span style=\"color: #ffffff;\"><strong>N\u00c3O-S\u00d3CIOS<\/strong><\/span><\/td>\n<td style=\"width: 122.024%; height: 48px; text-align: center;\"><span style=\"color: #ffffff;\"><strong>ACAD\u00caMICOS<\/strong><\/span><\/td>\n<\/tr>\n<tr style=\"height: 48px;\">\n<td style=\"width: 18.6206%; height: 48px; text-align: center;\">AT\u00c9 15\/08\/2024<\/td>\n<td style=\"width: 27.8684%; height: 48px; text-align: center;\">R$ 800,00<\/td>\n<td style=\"width: 27.9114%; height: 48px; text-align: center;\">R$ 1.120,00<\/td>\n<td style=\"width: 122.024%; height: 48px; text-align: center;\">R$ 250,00<\/td>\n<\/tr>\n<tr style=\"height: 48px;\">\n<td style=\"width: 18.6206%; height: 48px; text-align: center;\">AT\u00c9 30\/09\/2024<\/td>\n<td style=\"width: 27.8684%; height: 48px; text-align: center;\">R$ 1.000,00<\/td>\n<td style=\"width: 27.9114%; height: 48px; text-align: center;\">R$ 1.400,00<\/td>\n<td style=\"width: 122.024%; height: 48px; text-align: center;\">R$ 350,00<\/td>\n<\/tr>\n<tr style=\"height: 48px;\">\n<td style=\"width: 18.6206%; height: 48px; text-align: center;\">AT\u00c9 14\/11\/2024<\/td>\n<td style=\"width: 27.8684%; height: 48px; text-align: center;\">R$ 1.200,00<\/td>\n<td style=\"width: 27.9114%; height: 48px; text-align: center;\">R$ 1.680,00<\/td>\n<td style=\"width: 122.024%; height: 48px; text-align: center;\">R$ 450,00<\/td>\n<\/tr>\n<tr style=\"height: 48px;\">\n<td style=\"width: 18.6206%; height: 48px; text-align: center;\">No local<\/td>\n<td style=\"width: 27.8684%; height: 48px; text-align: center;\">R$ 1.400,00<\/td>\n<td style=\"width: 27.9114%; height: 48px; text-align: center;\">R$ 1.960,00<\/td>\n<td style=\"width: 122.024%; height: 48px; text-align: center;\">R$ 550,00<\/td>\n<\/tr>\n<\/tbody>\n<\/table>\n<p>&nbsp;<\/p>\n<p>&nbsp;<\/p>\n<p>&nbsp;<\/p>\n<p class=\"p1\"><span class=\"apple-converted-space\">\u00a0<\/span><\/p>\n<p>&nbsp;<\/p>\n<p>&nbsp;<\/p>\n<p>&nbsp;<\/p>\n<p>&nbsp;<\/p>\n<p>Pague com Pix com 5% de desconto ou com cart\u00e3o de cr\u00e9dito em at\u00e9 3x sem juros.<\/p>\n<p><span style=\"font-size: 10pt;\"><em><strong>Este Congresso \u00e9 destinado somente para estudantes, m\u00e9dicos, m\u00e9dicos veterin\u00e1rios e cirurgi\u00f5es dentistas. <\/strong><\/em><\/span><\/p>\n","protected":false},"excerpt":{"rendered":"<p>Agora, Cirurgi\u00f5es Dentistas associados da ABCDH &#8211; Associa\u00e7\u00e3o Brasileira dos Cirurgi\u00f5es Dentistas Homeopatas podem participar do 8\u00ba Congresso de Homeopatia da APH pagando o mesmo valor especial de s\u00f3cio da APH!<\/p>\n<p><strong>Vantagens da Inscri\u00e7\u00e3o com Pre\u00e7o Especial:<\/strong><\/p>\n<ul>\n<li><strong>Valor Reduzido<\/strong>: Cirurgi\u00f5es Dentistas\u00a0 da ABCDH podem se inscrever por R$ 1.000,00, o mesmo valor dos s\u00f3cios da APH.<\/li>\n<li><strong>Conte\u00fado de Alta Qualidade<\/strong>: Acesso a palestras, debates e workshops com os principais nomes da homeopatia.<\/li>\n<li><strong>Networking Qualificado<\/strong>: Troca de experi\u00eancias com profissionais capacitados da \u00e1rea.<\/li>\n<\/ul>\n<p>Garanta sua vaga e aproveite as condi\u00e7\u00f5es especiais de pagamento!<\/p>\n<p><strong>Data<\/strong>:\u00a0 \u00a015 e 16 de novembro de 2024<\/p>\n<p><strong>IMPORTANTE:<\/strong> A valida\u00e7\u00e3o do desconto para cirurgi\u00f5es dentistas associados da ABCDH ser\u00e1 feita atrav\u00e9s da secretaria da APH junto \u00e0 administra\u00e7\u00e3o da ABCDH.<\/p>\n","protected":false},"featured_media":1061,"template":"","meta":[],"product_brand":[],"product_cat":[20],"product_tag":[],"class_list":{"0":"post-1060","1":"product","2":"type-product","3":"status-publish","4":"has-post-thumbnail","6":"product_cat-congresso-2024","8":"first","9":"instock","10":"virtual","11":"sold-individually","12":"taxable","13":"purchasable","14":"product-type-simple"},"_links":{"self":[{"href":"https:\/\/aph.org.br\/congresso-2024\/wp-json\/wp\/v2\/product\/1060","targetHints":{"allow":["GET"]}}],"collection":[{"href":"https:\/\/aph.org.br\/congresso-2024\/wp-json\/wp\/v2\/product"}],"about":[{"href":"https:\/\/aph.org.br\/congresso-2024\/wp-json\/wp\/v2\/types\/product"}],"wp:featuredmedia":[{"embeddable":true,"href":"https:\/\/aph.org.br\/congresso-2024\/wp-json\/wp\/v2\/media\/1061"}],"wp:attachment":[{"href":"https:\/\/aph.org.br\/congresso-2024\/wp-json\/wp\/v2\/media?parent=1060"}],"wp:term":[{"taxonomy":"product_brand","embeddable":true,"href":"https:\/\/aph.org.br\/congresso-2024\/wp-json\/wp\/v2\/product_brand?post=1060"},{"taxonomy":"product_cat","embeddable":true,"href":"https:\/\/aph.org.br\/congresso-2024\/wp-json\/wp\/v2\/product_cat?post=1060"},{"taxonomy":"product_tag","embeddable":true,"href":"https:\/\/aph.org.br\/congresso-2024\/wp-json\/wp\/v2\/product_tag?post=1060"}],"curies":[{"name":"wp","href":"https:\/\/api.w.org\/{rel}","templated":true}]}}